
{"id":3063,"date":"2026-01-20T12:05:46","date_gmt":"2026-01-20T11:05:46","guid":{"rendered":"https:\/\/orlaithdelargy.com\/home\/"},"modified":"2026-04-13T12:48:20","modified_gmt":"2026-04-13T10:48:20","slug":"home","status":"publish","type":"page","link":"https:\/\/orlaithdelargy.com\/es\/","title":{"rendered":"Inicio"},"content":{"rendered":"\t\t<div data-elementor-type=\"wp-page\" data-elementor-id=\"3063\" class=\"elementor elementor-3063 elementor-1825\">\n\t\t\t\t\t\t<section data-particle_enable=\"false\" data-particle-mobile-disabled=\"false\" class=\"elementor-section elementor-top-section elementor-element elementor-element-56e05bd elementor-section-boxed elementor-section-height-default elementor-section-height-default geekfolio-header-absolute-off\" data-id=\"56e05bd\" data-element_type=\"section\" data-e-type=\"section\" data-settings=\"{&quot;enable_header_absolute&quot;:&quot;off&quot;}\">\n\t\t\t\t\t\t<div class=\"elementor-container elementor-column-gap-default\">\n\t\t\t\t\t<div class=\"elementor-column elementor-col-100 elementor-top-column elementor-element elementor-element-03b8d9a\" data-id=\"03b8d9a\" data-element_type=\"column\" data-e-type=\"column\">\n\t\t\t<div class=\"elementor-widget-wrap elementor-element-populated\">\n\t\t\t\t\t\t<section data-particle_enable=\"false\" data-particle-mobile-disabled=\"false\" class=\"elementor-section elementor-inner-section elementor-element elementor-element-c158a32 elementor-section-full_width elementor-section-height-default elementor-section-height-default geekfolio-header-absolute-off\" data-id=\"c158a32\" data-element_type=\"section\" data-e-type=\"section\" data-settings=\"{&quot;enable_header_absolute&quot;:&quot;off&quot;}\">\n\t\t\t\t\t\t<div class=\"elementor-container elementor-column-gap-default\">\n\t\t\t\t\t<div class=\"elementor-column elementor-col-50 elementor-inner-column elementor-element elementor-element-bbf7f6f\" data-id=\"bbf7f6f\" data-element_type=\"column\" data-e-type=\"column\">\n\t\t\t<div class=\"elementor-widget-wrap elementor-element-populated\">\n\t\t\t\t\t\t<div class=\"elementor-element elementor-element-4845986 elementor-widget elementor-widget-geekfolio-image\" data-id=\"4845986\" data-element_type=\"widget\" data-e-type=\"widget\" data-widget_type=\"geekfolio-image.default\">\n\t\t\t\t<div class=\"elementor-widget-container\">\n\t\t\t\t\t\r\n\t\t<div class=\"geekfolio-image   \"  >\r\n\r\n\t\t\t\t\t\t\t\t\t<div class=\"elementor-image\">\r\n\t\t\t\t\t\t\t\t\t\t\t\t\t\t\t\t<img fetchpriority=\"high\" decoding=\"async\" width=\"1024\" height=\"683\" src=\"https:\/\/orlaithdelargy.com\/wp-content\/uploads\/2026\/01\/od-headshot-2-1024x683.jpg\" class=\"attachment-large size-large wp-image-1838\" alt=\"\" \/>\t\t\t\t\t\t\t\t\t\t\t\t\t\t\t\t\t\t\t\t\t\t\t<\/div>\r\n\t\t\t\t\t\t\r\n\t\t<\/div>\r\n\r\n\t\t\t\t\t\t<\/div>\n\t\t\t\t<\/div>\n\t\t\t\t\t<\/div>\n\t\t<\/div>\n\t\t\t\t<div class=\"elementor-column elementor-col-50 elementor-inner-column elementor-element elementor-element-bed72e9\" data-id=\"bed72e9\" data-element_type=\"column\" data-e-type=\"column\">\n\t\t\t<div class=\"elementor-widget-wrap elementor-element-populated\">\n\t\t\t\t\t\t<div class=\"elementor-element elementor-element-6a06073 elementor-widget elementor-widget-geekfolio-heading\" data-id=\"6a06073\" data-element_type=\"widget\" data-e-type=\"widget\" data-widget_type=\"geekfolio-heading.default\">\n\t\t\t\t<div class=\"elementor-widget-container\">\n\t\t\t\t\t\t\t<div class=\"geekfolio-heading-title\" >\r\n\t\t\t\t\t\t<h1 class=\"geekfolio-heading hide-br\">Acerca de m\u00ed <\/h1>\t\t\t\t\t<\/div>\r\n\t\t\t\t\t\t<\/div>\n\t\t\t\t<\/div>\n\t\t\t\t<div class=\"elementor-element elementor-element-c4b4042 elementor-widget elementor-widget-geekfolio-text-editor\" data-id=\"c4b4042\" data-element_type=\"widget\" data-e-type=\"widget\" data-widget_type=\"geekfolio-text-editor.default\">\n\t\t\t\t<div class=\"elementor-widget-container\">\n\t\t\t\t\t\t\t<div class=\"geekfolio-text-editor\">\r\n\t\t\t\t\t\t\t\t\t\t<div class=\"elementor-text-editor elementor-clearfix\">\r\n\t\t\t\t\t\t<p data-start=\"69\" data-end=\"241\">Hola, soy Orlaith. Tras m\u00e1s de una d\u00e9cada de experiencia en sostenibilidad corporativa en organizaciones como KPMG y CDP, actualmente trabajo como consultora independiente.<\/p><p data-start=\"69\" data-end=\"241\">\u00a0<\/p><p data-start=\"243\" data-end=\"709\">Soy una profesional de la sostenibilidad con una s\u00f3lida trayectoria internacional en \u00e1reas relacionadas con el capital natural, como la biodiversidad, la gesti\u00f3n del agua, la mitigaci\u00f3n del cambio clim\u00e1tico y la adaptaci\u00f3n al mismo. Asesoro a organizaciones multinacionales en el desarrollo de estrategias clim\u00e1ticas y medioambientales rigurosas y de alto impacto. Mi experiencia abarca los sectores privado, p\u00fablico y el tercer sector, as\u00ed como el \u00e1mbito acad\u00e9mico.<\/p><p data-start=\"711\" data-end=\"825\">\u00a0<\/p><p data-start=\"711\" data-end=\"825\">Soy originaria de Irlanda, resido actualmente en Madrid y colaboro con clientes y proyectos a nivel internacional.<\/p><p data-start=\"711\" data-end=\"825\">\u00a0<\/p><p class=\"_aupe copyable-text x15bjb6t x1n2onr6\"><span class=\"_aupe copyable-text xkrh14z\">Me gusta escribir y publico un bolet\u00edn personal en <a href=\"https:\/\/orlaithdelargy.substack.com\">Substack<\/a>.<\/span><\/p>\t\t\t\t\t\t\t<\/div>\r\n\t\t\t\t\t<\/div>\r\n\t\t\t\t\t\t<\/div>\n\t\t\t\t<\/div>\n\t\t\t\t\t<\/div>\n\t\t<\/div>\n\t\t\t\t\t<\/div>\n\t\t<\/section>\n\t\t\t\t\t<\/div>\n\t\t<\/div>\n\t\t\t\t\t<\/div>\n\t\t<\/section>\n\t\t<div data-particle_enable=\"false\" data-particle-mobile-disabled=\"false\" class=\"elementor-element elementor-element-10e3fef e-flex e-con-boxed e-con e-parent\" data-id=\"10e3fef\" data-element_type=\"container\" data-e-type=\"container\">\n\t\t\t\t\t<div class=\"e-con-inner\">\n\t\t\t\t<div class=\"elementor-element elementor-element-fc0112c elementor-align-left elementor-widget elementor-widget-geekfolio-button\" data-id=\"fc0112c\" data-element_type=\"widget\" data-e-type=\"widget\" data-widget_type=\"geekfolio-button.default\">\n\t\t\t\t<div class=\"elementor-widget-container\">\n\t\t\t\t\t\r\n\t\t<a  href=\"https:\/\/orlaithdelargy.com\/es\/servicios\/\"  class=\"geekfolio-button   icon-end\">\r\n\t\t\t<span class=\"geekfolio-button-content-wrapper\">\r\n\t\t\t\t\t\t\t\t<span class=\"geekfolio-button-text\">\r\n\t\t\t\t\tLeer m\u00e1s\t\t\t\t<\/span>\r\n\t\t\t\t\t\t\t\t\t<span class=\"geekfolio-button-icon geekfolio-align-icon-right hover-animation-none\">\r\n\t\t\t\t\t\t<svg xmlns=\"http:\/\/www.w3.org\/2000\/svg\" width=\"18\" height=\"18\" viewBox=\"0 0 18 18\" fill=\"none\"><path d=\"M13.922 4.5V11.8125C13.922 11.9244 13.8776 12.0317 13.7985 12.1108C13.7193 12.1899 13.612 12.2344 13.5002 12.2344C13.3883 12.2344 13.281 12.1899 13.2018 12.1108C13.1227 12.0317 13.0783 11.9244 13.0783 11.8125V5.51953L4.79547 13.7953C4.71715 13.8736 4.61092 13.9176 4.50015 13.9176C4.38939 13.9176 4.28316 13.8736 4.20484 13.7953C4.12652 13.717 4.08252 13.6108 4.08252 13.5C4.08252 13.3892 4.12652 13.283 4.20484 13.2047L12.4806 4.92188H6.18765C6.07577 4.92188 5.96846 4.87743 5.88934 4.79831C5.81023 4.71919 5.76578 4.61189 5.76578 4.5C5.76578 4.38811 5.81023 4.28081 5.88934 4.20169C5.96846 4.12257 6.07577 4.07813 6.18765 4.07812H13.5002C13.612 4.07813 13.7193 4.12257 13.7985 4.20169C13.8776 4.28081 13.922 4.38811 13.922 4.5Z\" fill=\"currentColor\"><\/path><\/svg>\t\t\t\t\t<\/span>\r\n\t\t\t\t\t\t\t<\/span>\r\n\t\t<\/a>\r\n\r\n\t\t\t\t<\/div>\n\t\t\t\t<\/div>\n\t\t\t\t\t<\/div>\n\t\t\t\t<\/div>\n\t\t\t\t<\/div>\n\t\t","protected":false},"excerpt":{"rendered":"<p>Acerca de m\u00ed Hola, soy Orlaith. Tras m\u00e1s de una d\u00e9cada de experiencia en sostenibilidad corporativa en organizaciones como KPMG y CDP, actualmente trabajo como consultora independiente. \u00a0 Soy una profesional de la sostenibilidad con una s\u00f3lida trayectoria internacional en \u00e1reas relacionadas con el capital natural, como la biodiversidad, la gesti\u00f3n del agua, la mitigaci\u00f3n del cambio clim\u00e1tico y la &hellip;<\/p>\n","protected":false},"author":1,"featured_media":0,"parent":0,"menu_order":0,"comment_status":"closed","ping_status":"closed","template":"blank-builder.php","meta":{"_monsterinsights_skip_tracking":false,"_monsterinsights_sitenote_active":false,"_monsterinsights_sitenote_note":"","_monsterinsights_sitenote_category":0,"footnotes":""},"class_list":["post-3063","page","type-page","status-publish","hentry"],"aioseo_notices":[],"_links":{"self":[{"href":"https:\/\/orlaithdelargy.com\/es\/wp-json\/wp\/v2\/pages\/3063","targetHints":{"allow":["GET"]}}],"collection":[{"href":"https:\/\/orlaithdelargy.com\/es\/wp-json\/wp\/v2\/pages"}],"about":[{"href":"https:\/\/orlaithdelargy.com\/es\/wp-json\/wp\/v2\/types\/page"}],"author":[{"embeddable":true,"href":"https:\/\/orlaithdelargy.com\/es\/wp-json\/wp\/v2\/users\/1"}],"replies":[{"embeddable":true,"href":"https:\/\/orlaithdelargy.com\/es\/wp-json\/wp\/v2\/comments?post=3063"}],"version-history":[{"count":15,"href":"https:\/\/orlaithdelargy.com\/es\/wp-json\/wp\/v2\/pages\/3063\/revisions"}],"predecessor-version":[{"id":3133,"href":"https:\/\/orlaithdelargy.com\/es\/wp-json\/wp\/v2\/pages\/3063\/revisions\/3133"}],"wp:attachment":[{"href":"https:\/\/orlaithdelargy.com\/es\/wp-json\/wp\/v2\/media?parent=3063"}],"curies":[{"name":"wp","href":"https:\/\/api.w.org\/{rel}","templated":true}]}}