
{"id":3073,"date":"2026-01-20T22:35:47","date_gmt":"2026-01-20T21:35:47","guid":{"rendered":"https:\/\/orlaithdelargy.com\/publications\/"},"modified":"2026-04-13T12:21:51","modified_gmt":"2026-04-13T10:21:51","slug":"publicaciones","status":"publish","type":"page","link":"https:\/\/orlaithdelargy.com\/es\/publicaciones\/","title":{"rendered":"Publicaciones"},"content":{"rendered":"\t\t<div data-elementor-type=\"wp-page\" data-elementor-id=\"3073\" class=\"elementor elementor-3073 elementor-1923\">\n\t\t\t\t<div data-particle_enable=\"false\" data-particle-mobile-disabled=\"false\" class=\"elementor-element elementor-element-ccb5730 e-con-full e-flex e-con e-parent\" data-id=\"ccb5730\" data-element_type=\"container\" data-e-type=\"container\">\n\t\t\t\t<div class=\"elementor-element elementor-element-841c059 elementor-widget elementor-widget-video\" data-id=\"841c059\" data-element_type=\"widget\" data-e-type=\"widget\" data-settings=\"{&quot;youtube_url&quot;:&quot;https:\\\/\\\/www.youtube.com\\\/watch?v=ykzFmT4rhmM&quot;,&quot;start&quot;:1,&quot;autoplay&quot;:&quot;yes&quot;,&quot;play_on_mobile&quot;:&quot;yes&quot;,&quot;loop&quot;:&quot;yes&quot;,&quot;cc_load_policy&quot;:&quot;yes&quot;,&quot;show_image_overlay&quot;:&quot;yes&quot;,&quot;image_overlay&quot;:{&quot;url&quot;:&quot;https:\\\/\\\/orlaithdelargy.com\\\/wp-content\\\/uploads\\\/2026\\\/03\\\/image-video.png&quot;,&quot;id&quot;:3072,&quot;size&quot;:&quot;&quot;,&quot;alt&quot;:&quot;&quot;,&quot;source&quot;:&quot;library&quot;},&quot;video_type&quot;:&quot;youtube&quot;,&quot;controls&quot;:&quot;yes&quot;}\" data-widget_type=\"video.default\">\n\t\t\t\t\t\t\t<div class=\"elementor-wrapper elementor-open-inline\">\n\t\t\t<div class=\"elementor-video\"><\/div>\t\t\t\t<div class=\"elementor-custom-embed-image-overlay\" style=\"background-image: url(https:\/\/orlaithdelargy.com\/wp-content\/uploads\/2026\/03\/image-video-1024x573.png);\">\n\t\t\t\t\t\t\t\t\t\t\t\t\t\t\t\t<div class=\"elementor-custom-embed-play\" role=\"button\" aria-label=\"Reproducir v\u00eddeo\" tabindex=\"0\">\n\t\t\t\t\t\t\t<svg aria-hidden=\"true\" class=\"e-font-icon-svg e-eicon-play\" viewBox=\"0 0 1000 1000\" xmlns=\"http:\/\/www.w3.org\/2000\/svg\"><path d=\"M838 162C746 71 633 25 500 25 371 25 258 71 163 162 71 254 25 367 25 500 25 633 71 746 163 837 254 929 367 979 500 979 633 979 746 933 838 837 929 746 975 633 975 500 975 367 929 254 838 162M808 192C892 279 933 379 933 500 933 621 892 725 808 808 725 892 621 938 500 938 379 938 279 896 196 808 113 725 67 621 67 500 67 379 108 279 196 192 279 108 383 62 500 62 621 62 721 108 808 192M438 392V642L642 517 438 392Z\"><\/path><\/svg>\t\t\t\t\t\t<\/div>\n\t\t\t\t\t\t\t\t\t<\/div>\n\t\t\t\t\t<\/div>\n\t\t\t\t\t\t<\/div>\n\t\t\t\t<\/div>\n\t\t\t\t<section data-particle_enable=\"false\" data-particle-mobile-disabled=\"false\" class=\"elementor-section elementor-top-section elementor-element elementor-element-c5bd032 elementor-section-boxed elementor-section-height-default elementor-section-height-default geekfolio-header-absolute-off\" data-id=\"c5bd032\" data-element_type=\"section\" data-e-type=\"section\" data-settings=\"{&quot;background_background&quot;:&quot;classic&quot;,&quot;enable_header_absolute&quot;:&quot;off&quot;}\">\n\t\t\t\t\t\t<div class=\"elementor-container elementor-column-gap-default\">\n\t\t\t\t\t<div class=\"elementor-column elementor-col-100 elementor-top-column elementor-element elementor-element-363dafa\" data-id=\"363dafa\" data-element_type=\"column\" data-e-type=\"column\">\n\t\t\t<div class=\"elementor-widget-wrap elementor-element-populated\">\n\t\t\t\t\t\t<section data-particle_enable=\"false\" data-particle-mobile-disabled=\"false\" class=\"elementor-section elementor-inner-section elementor-element elementor-element-0ce2b5f elementor-section-content-middle elementor-section-boxed elementor-section-height-default elementor-section-height-default geekfolio-header-absolute-off\" data-id=\"0ce2b5f\" data-element_type=\"section\" data-e-type=\"section\" data-settings=\"{&quot;enable_header_absolute&quot;:&quot;off&quot;}\">\n\t\t\t\t\t\t<div class=\"elementor-container elementor-column-gap-default\">\n\t\t\t\t\t<div class=\"elementor-column elementor-col-100 elementor-inner-column elementor-element elementor-element-f48fb59\" data-id=\"f48fb59\" data-element_type=\"column\" data-e-type=\"column\">\n\t\t\t<div class=\"elementor-widget-wrap elementor-element-populated\">\n\t\t\t\t\t\t<div class=\"elementor-element elementor-element-a77f02b elementor-widget elementor-widget-geekfolio-heading\" data-id=\"a77f02b\" data-element_type=\"widget\" data-e-type=\"widget\" data-widget_type=\"geekfolio-heading.default\">\n\t\t\t\t<div class=\"elementor-widget-container\">\n\t\t\t\t\t\t\t<div class=\"geekfolio-heading-title\" >\r\n\t\t\t\t\t\t<h1 class=\"geekfolio-heading hide-br\">Publicaciones destacadas<\/h1>\t\t\t\t\t<\/div>\r\n\t\t\t\t\t\t<\/div>\n\t\t\t\t<\/div>\n\t\t\t\t<div class=\"elementor-element elementor-element-5d52ce1 elementor-widget elementor-widget-geekfolio-text-editor\" data-id=\"5d52ce1\" data-element_type=\"widget\" data-e-type=\"widget\" data-widget_type=\"geekfolio-text-editor.default\">\n\t\t\t\t<div class=\"elementor-widget-container\">\n\t\t\t\t\t\t\t<div class=\"geekfolio-text-editor\">\r\n\t\t\t\t\t\t\t\t\t\t<div class=\"elementor-text-editor elementor-clearfix\">\r\n\t\t\t\t\t\t<p>Aqu\u00ed encontrar\u00e1s una selecci\u00f3n de publicaciones de las que soy autor o en las que he colaborado. Arriba hay un v\u00eddeo que dise\u00f1\u00e9 y en el que pongo la voz, en el que se explica la contabilidad del capital natural como parte del proyecto <a id=\"OWAde10ce74-bdc3-8d54-e3ee-a9fc7cb05494\" class=\"OWAAutoLink\" title=\"https:\/\/www.naturalcapitalireland.com\/incase-project\" href=\"https:\/\/www.naturalcapitalireland.com\/incase-project\">INCASE<\/a>. <\/p>\n\t\t\t\t\t\t\t<\/div>\r\n\t\t\t\t\t<\/div>\r\n\t\t\t\t\t\t<\/div>\n\t\t\t\t<\/div>\n\t\t\t\t\t<\/div>\n\t\t<\/div>\n\t\t\t\t\t<\/div>\n\t\t<\/section>\n\t\t\t\t\t<\/div>\n\t\t<\/div>\n\t\t\t\t\t<\/div>\n\t\t<\/section>\n\t\t<div data-particle_enable=\"false\" data-particle-mobile-disabled=\"false\" class=\"elementor-element elementor-element-a2ada61 e-flex e-con-boxed e-con e-parent\" data-id=\"a2ada61\" data-element_type=\"container\" data-e-type=\"container\">\n\t\t\t\t\t<div class=\"e-con-inner\">\n\t\t\t\t<div class=\"elementor-element elementor-element-a4ded73 elementor-widget elementor-widget-eael-logo-carousel\" data-id=\"a4ded73\" data-element_type=\"widget\" data-e-type=\"widget\" data-settings=\"{&quot;items&quot;:{&quot;unit&quot;:&quot;px&quot;,&quot;size&quot;:3,&quot;sizes&quot;:[]},&quot;items_tablet&quot;:{&quot;unit&quot;:&quot;px&quot;,&quot;size&quot;:2,&quot;sizes&quot;:[]},&quot;items_mobile&quot;:{&quot;unit&quot;:&quot;px&quot;,&quot;size&quot;:1,&quot;sizes&quot;:[]}}\" data-widget_type=\"eael-logo-carousel.default\">\n\t\t\t\t\t        <div class=\"swiper-container-wrap eael-logo-carousel-wrap\">\n            <div class=\"swiper swiper-8 eael-logo-carousel swiper-container-a4ded73\" data-pagination=\".swiper-pagination-a4ded73\" data-arrow-next=\".swiper-button-next-a4ded73\" data-arrow-prev=\".swiper-button-prev-a4ded73\" data-items-mobile=\"1\" data-items-tablet=\"2\" data-items=\"3\" data-margin=\"15\" data-effect=\"slide\" data-speed=\"400\" data-autoplay=\"4000\" data-loop=\"1\" data-arrows=\"1\">\n                <div class=\"swiper-wrapper\">\n\t\t\t\t\t                            <div class=\"swiper-slide\">\n                                <div class=\"eael-lc-logo-wrap\">\n\t\t\t\t\t\t\t\t\t                                    <div id=\"eael-lc-logo-75f5910\" class=\"eael-lc-logo\">\n\t\t\t\t\t\t\t\t\t\t<a href=\"https:\/\/www.linkedin.com\/posts\/delargy_today-were-publishing-our-new-report-on-activity-7369628049790668801-EOKi?utm_source=share&#038;utm_medium=member_desktop&#038;rcm=ACoAAA6Za00BoiHPxES9I4sSnKMM3YlCy66XUwE\"><img decoding=\"async\" class=\"eael-lc-img-src\" src=\"https:\/\/orlaithdelargy.com\/wp-content\/uploads\/2026\/01\/The-Voluntary-Nature-Market-in-Ireland-\u2013-State-of-Play.png\" alt=\"\"><\/a>                                    <\/div>\n\t\t\t\t\t\t\t\t\t<h2 class=\"eael-logo-carousel-title\"><a >The Voluntary Nature Market in Ireland, Trinity College Dublin<\/a><\/h2>                                <\/div>\n                            <\/div>\n\t\t\t\t\t\t                            <div class=\"swiper-slide\">\n                                <div class=\"eael-lc-logo-wrap\">\n\t\t\t\t\t\t\t\t\t                                    <div id=\"eael-lc-logo-928169f\" class=\"eael-lc-logo\">\n\t\t\t\t\t\t\t\t\t\t<a href=\"https:\/\/assets.kpmg.com\/content\/dam\/kpmg\/ie\/pdf\/2023\/12\/ie-ISFCOE-ebook-2.pdf\"><img decoding=\"async\" class=\"eael-lc-img-src\" src=\"https:\/\/orlaithdelargy.com\/wp-content\/uploads\/2026\/03\/KPMG-The-Nature-of-Finance.jpg\" alt=\"The Nature of Finance, KPMG\"><\/a>                                    <\/div>\n\t\t\t\t\t\t\t\t\t<h2 class=\"eael-logo-carousel-title\"><a >The Nature of Finance, KPMG<\/a><\/h2>                                <\/div>\n                            <\/div>\n\t\t\t\t\t\t                            <div class=\"swiper-slide\">\n                                <div class=\"eael-lc-logo-wrap\">\n\t\t\t\t\t\t\t\t\t                                    <div id=\"eael-lc-logo-a3cec04\" class=\"eael-lc-logo\">\n\t\t\t\t\t\t\t\t\t\t<a href=\"https:\/\/oecd.ai\/en\/wonk\/documents\/biodiversity-and-artificial-intelligence\"><img decoding=\"async\" class=\"eael-lc-img-src\" src=\"https:\/\/orlaithdelargy.com\/wp-content\/uploads\/2026\/03\/Global-Partnership-on-Artificial-Intelligence-Biodiversity-AI.jpg\" alt=\"\"><\/a>                                    <\/div>\n\t\t\t\t\t\t\t\t\t<h2 class=\"eael-logo-carousel-title\"><a >Biodiversity &amp; Artificial Intelligence, GPAI<\/a><\/h2>                                <\/div>\n                            <\/div>\n\t\t\t\t\t\t                            <div class=\"swiper-slide\">\n                                <div class=\"eael-lc-logo-wrap\">\n\t\t\t\t\t\t\t\t\t                                    <div id=\"eael-lc-logo-40c4127\" class=\"eael-lc-logo\">\n\t\t\t\t\t\t\t\t\t\t<a href=\"https:\/\/www.sitra.fi\/en\/publication\/circular-solutions-for-nature\/\"><img decoding=\"async\" class=\"eael-lc-img-src\" src=\"https:\/\/orlaithdelargy.com\/wp-content\/uploads\/2026\/03\/Sitra-Circular-Solutions-for-Nature.jpg\" alt=\"\"><\/a>                                    <\/div>\n\t\t\t\t\t\t\t\t\t<h2 class=\"eael-logo-carousel-title\"><a >Circular Solutions for Nature, Sitra<\/a><\/h2>                                <\/div>\n                            <\/div>\n\t\t\t\t\t\t                            <div class=\"swiper-slide\">\n                                <div class=\"eael-lc-logo-wrap\">\n\t\t\t\t\t\t\t\t\t                                    <div id=\"eael-lc-logo-e84548e\" class=\"eael-lc-logo\">\n\t\t\t\t\t\t\t\t\t\t<a href=\"https:\/\/assets.kpmg.com\/content\/dam\/kpmg\/xx\/pdf\/2023\/12\/investment-in-nature.pdf\"><img decoding=\"async\" class=\"eael-lc-img-src\" src=\"https:\/\/orlaithdelargy.com\/wp-content\/uploads\/2026\/03\/KPMG-The-Investment-Case-for-Nature.jpg\" alt=\"\"><\/a>                                    <\/div>\n\t\t\t\t\t\t\t\t\t<h2 class=\"eael-logo-carousel-title\"><a >The Investment Case for Nature, KPMG<\/a><\/h2>                                <\/div>\n                            <\/div>\n\t\t\t\t\t\t                <\/div>\n            <\/div>\n\t\t\t\t\t\t            <!-- Add Arrows -->\n            <div class=\"swiper-button-next swiper-button-next-a4ded73\">\n\t\t\t\t<svg class=\"e-font-icon-svg e-fas-angle-right\" viewBox=\"0 0 256 512\" xmlns=\"http:\/\/www.w3.org\/2000\/svg\"><path d=\"M224.3 273l-136 136c-9.4 9.4-24.6 9.4-33.9 0l-22.6-22.6c-9.4-9.4-9.4-24.6 0-33.9l96.4-96.4-96.4-96.4c-9.4-9.4-9.4-24.6 0-33.9L54.3 103c9.4-9.4 24.6-9.4 33.9 0l136 136c9.5 9.4 9.5 24.6.1 34z\"><\/path><\/svg>            <\/div>\n            <div class=\"swiper-button-prev swiper-button-prev-a4ded73\">\n\t\t\t\t<svg class=\"e-font-icon-svg e-fas-angle-left\" viewBox=\"0 0 256 512\" xmlns=\"http:\/\/www.w3.org\/2000\/svg\"><path d=\"M31.7 239l136-136c9.4-9.4 24.6-9.4 33.9 0l22.6 22.6c9.4 9.4 9.4 24.6 0 33.9L127.9 256l96.4 96.4c9.4 9.4 9.4 24.6 0 33.9L201.7 409c-9.4 9.4-24.6 9.4-33.9 0l-136-136c-9.5-9.4-9.5-24.6-.1-34z\"><\/path><\/svg>            <\/div>\n\t\t        <\/div>\n\t\t\t\t\t\t<\/div>\n\t\t\t\t\t<\/div>\n\t\t\t\t<\/div>\n\t\t\t\t<\/div>\n\t\t","protected":false},"excerpt":{"rendered":"<p>Publicaciones destacadas Aqu\u00ed encontrar\u00e1s una selecci\u00f3n de publicaciones de las que soy autor o en las que he colaborado. Arriba hay un v\u00eddeo que dise\u00f1\u00e9 y en el que pongo la voz, en el que se explica la contabilidad del capital natural como parte del proyecto INCASE. The Voluntary Nature Market in Ireland, Trinity College Dublin The Nature of Finance, &hellip;<\/p>\n","protected":false},"author":1,"featured_media":0,"parent":0,"menu_order":0,"comment_status":"closed","ping_status":"closed","template":"blank-builder.php","meta":{"_monsterinsights_skip_tracking":false,"_monsterinsights_sitenote_active":false,"_monsterinsights_sitenote_note":"","_monsterinsights_sitenote_category":0,"footnotes":""},"class_list":["post-3073","page","type-page","status-publish","hentry"],"aioseo_notices":[],"_links":{"self":[{"href":"https:\/\/orlaithdelargy.com\/es\/wp-json\/wp\/v2\/pages\/3073","targetHints":{"allow":["GET"]}}],"collection":[{"href":"https:\/\/orlaithdelargy.com\/es\/wp-json\/wp\/v2\/pages"}],"about":[{"href":"https:\/\/orlaithdelargy.com\/es\/wp-json\/wp\/v2\/types\/page"}],"author":[{"embeddable":true,"href":"https:\/\/orlaithdelargy.com\/es\/wp-json\/wp\/v2\/users\/1"}],"replies":[{"embeddable":true,"href":"https:\/\/orlaithdelargy.com\/es\/wp-json\/wp\/v2\/comments?post=3073"}],"version-history":[{"count":5,"href":"https:\/\/orlaithdelargy.com\/es\/wp-json\/wp\/v2\/pages\/3073\/revisions"}],"predecessor-version":[{"id":3121,"href":"https:\/\/orlaithdelargy.com\/es\/wp-json\/wp\/v2\/pages\/3073\/revisions\/3121"}],"wp:attachment":[{"href":"https:\/\/orlaithdelargy.com\/es\/wp-json\/wp\/v2\/media?parent=3073"}],"curies":[{"name":"wp","href":"https:\/\/api.w.org\/{rel}","templated":true}]}}