
{"id":3085,"date":"2026-02-03T19:51:59","date_gmt":"2026-02-03T18:51:59","guid":{"rendered":"https:\/\/orlaithdelargy.com\/servicios\/"},"modified":"2026-04-13T11:59:30","modified_gmt":"2026-04-13T09:59:30","slug":"servicios","status":"publish","type":"page","link":"https:\/\/orlaithdelargy.com\/es\/servicios\/","title":{"rendered":"Servicios"},"content":{"rendered":"\t\t<div data-elementor-type=\"wp-page\" data-elementor-id=\"3085\" class=\"elementor elementor-3085 elementor-2469\">\n\t\t\t\t<div data-particle_enable=\"false\" data-particle-mobile-disabled=\"false\" class=\"elementor-element elementor-element-4c5825f e-con-full e-flex e-con e-parent\" data-id=\"4c5825f\" data-element_type=\"container\" data-e-type=\"container\">\n\t\t\t\t<div class=\"elementor-element elementor-element-100ea18 elementor-widget elementor-widget-geekfolio-image\" data-id=\"100ea18\" data-element_type=\"widget\" data-e-type=\"widget\" data-widget_type=\"geekfolio-image.default\">\n\t\t\t\t<div class=\"elementor-widget-container\">\n\t\t\t\t\t\r\n\t\t<div class=\"geekfolio-image   \"  >\r\n\r\n\t\t\t\t\t\t\t\t\t<div class=\"elementor-image\">\r\n\t\t\t\t\t\t\t\t\t\t\t\t\t\t\t\t<img fetchpriority=\"high\" decoding=\"async\" width=\"2048\" height=\"1341\" src=\"https:\/\/orlaithdelargy.com\/wp-content\/uploads\/2026\/01\/catherine-kerr-nmccKLfUfvY-unsplash-2048x1341.jpg\" class=\"attachment-2048x2048 size-2048x2048 wp-image-2266\" alt=\"\" \/>\t\t\t\t\t\t\t\t\t\t\t\t\t\t\t\t\t\t\t\t\t\t\t<\/div>\r\n\t\t\t\t\t\t\r\n\t\t<\/div>\r\n\r\n\t\t\t\t\t\t<\/div>\n\t\t\t\t<\/div>\n\t\t\t\t<\/div>\n\t\t\t\t<section data-particle_enable=\"false\" data-particle-mobile-disabled=\"false\" class=\"elementor-section elementor-top-section elementor-element elementor-element-02ecb6a elementor-section-boxed elementor-section-height-default elementor-section-height-default geekfolio-header-absolute-off\" data-id=\"02ecb6a\" data-element_type=\"section\" data-e-type=\"section\" data-settings=\"{&quot;background_background&quot;:&quot;classic&quot;,&quot;enable_header_absolute&quot;:&quot;off&quot;}\">\n\t\t\t\t\t\t<div class=\"elementor-container elementor-column-gap-default\">\n\t\t\t\t\t<div class=\"elementor-column elementor-col-100 elementor-top-column elementor-element elementor-element-48507b3\" data-id=\"48507b3\" data-element_type=\"column\" data-e-type=\"column\">\n\t\t\t<div class=\"elementor-widget-wrap elementor-element-populated\">\n\t\t\t\t\t\t<section data-particle_enable=\"false\" data-particle-mobile-disabled=\"false\" class=\"elementor-section elementor-inner-section elementor-element elementor-element-1c151aa elementor-section-content-middle elementor-section-boxed elementor-section-height-default elementor-section-height-default geekfolio-header-absolute-off\" data-id=\"1c151aa\" data-element_type=\"section\" data-e-type=\"section\" data-settings=\"{&quot;enable_header_absolute&quot;:&quot;off&quot;}\">\n\t\t\t\t\t\t<div class=\"elementor-container elementor-column-gap-default\">\n\t\t\t\t\t<div class=\"elementor-column elementor-col-100 elementor-inner-column elementor-element elementor-element-cb03a93\" data-id=\"cb03a93\" data-element_type=\"column\" data-e-type=\"column\">\n\t\t\t<div class=\"elementor-widget-wrap elementor-element-populated\">\n\t\t\t\t\t\t<div class=\"elementor-element elementor-element-64f4376 elementor-widget elementor-widget-geekfolio-heading\" data-id=\"64f4376\" data-element_type=\"widget\" data-e-type=\"widget\" data-widget_type=\"geekfolio-heading.default\">\n\t\t\t\t<div class=\"elementor-widget-container\">\n\t\t\t\t\t\t\t<div class=\"geekfolio-heading-title\" >\r\n\t\t\t\t\t\t<h1 class=\"geekfolio-heading hide-br\">Servicios destacados<\/h1>\t\t\t\t\t<\/div>\r\n\t\t\t\t\t\t<\/div>\n\t\t\t\t<\/div>\n\t\t\t\t<div class=\"elementor-element elementor-element-90942c7 elementor-widget elementor-widget-geekfolio-text-editor\" data-id=\"90942c7\" data-element_type=\"widget\" data-e-type=\"widget\" data-widget_type=\"geekfolio-text-editor.default\">\n\t\t\t\t<div class=\"elementor-widget-container\">\n\t\t\t\t\t\t\t<div class=\"geekfolio-text-editor\">\r\n\t\t\t\t\t\t\t\t\t\t<div class=\"elementor-text-editor elementor-clearfix\">\r\n\t\t\t\t\t\t<p>A continuaci\u00f3n se detallan mis servicios principales, pero siempre estoy abierta a nuevas oportunidades para aprender y trabajar con gente nueva.<\/p>\n\t\t\t\t\t\t\t<\/div>\r\n\t\t\t\t\t<\/div>\r\n\t\t\t\t\t\t<\/div>\n\t\t\t\t<\/div>\n\t\t\t\t\t<\/div>\n\t\t<\/div>\n\t\t\t\t\t<\/div>\n\t\t<\/section>\n\t\t\t\t\t<\/div>\n\t\t<\/div>\n\t\t\t\t\t<\/div>\n\t\t<\/section>\n\t\t<div data-particle_enable=\"false\" data-particle-mobile-disabled=\"false\" class=\"elementor-element elementor-element-9c539cc e-flex e-con-boxed e-con e-parent\" data-id=\"9c539cc\" data-element_type=\"container\" data-e-type=\"container\">\n\t\t\t\t\t<div class=\"e-con-inner\">\n\t\t<div data-particle_enable=\"false\" data-particle-mobile-disabled=\"false\" class=\"elementor-element elementor-element-b6896a9 e-con-full e-flex e-con e-child\" data-id=\"b6896a9\" data-element_type=\"container\" data-e-type=\"container\">\n\t\t\t\t<div class=\"elementor-element elementor-element-9f8a906 eael-flipbox-content-align-center eael-flipbox-img-default elementor-widget elementor-widget-eael-flip-box\" data-id=\"9f8a906\" data-element_type=\"widget\" data-e-type=\"widget\" data-widget_type=\"eael-flip-box.default\">\n\t\t\t\t\t        <div class=\"eael-elements-flip-box-container eael-animate-flip eael-animate-left eael-content eael-flip-box-hover eael-flipbox-fixed-height eael-flipbox-dynamic\">\n\n            <div class=\"eael-elements-flip-box-flip-card\">\n                <div class=\"eael-elements-flip-box-front-container\">\n                    \n                    \n                        <div class=\"eael-elements-slider-display-table\">\n                            <div class=\"eael-elements-flip-box-vertical-align\">\n                                <div class=\"eael-elements-flip-box-padding\">\n                                    <div class=\"eael-elements-flip-box-icon-image\">\n                                                                                    <img decoding=\"async\" class=\"eael-flipbox-image-as-icon\" src=\"https:\/\/orlaithdelargy.com\/wp-content\/uploads\/2026\/03\/icon-2.png\" alt=\"\">\n                                                                            <\/div>\n                                    <h2 class=\"eael-elements-flip-box-heading\">Estrategia de sostenibilidad, investigaci\u00f3n y asesoramiento<\/h2>                                    <div class=\"eael-elements-flip-box-content\">\n\t                                                                        <\/div>\n                                <\/div>\n                            <\/div>\n                        <\/div>\n                                    <\/div>\n\n                <div class=\"eael-elements-flip-box-rear-container\">\n                                                                <div class=\"eael-elements-slider-display-table\">\n                            <div class=\"eael-elements-flip-box-vertical-align\">\n                                <div class=\"eael-elements-flip-box-padding\">\n                                                                            <div class=\"eael-elements-flip-box-icon-image\">\n                                                                                            <img decoding=\"async\" class=\"eael-flipbox-image-as-icon\" src=\"\" alt=\"\">\n                                                                                    <\/div>\n                                                                                                            <div class=\"eael-elements-flip-box-content\">\n                                        <p>Definici\u00f3n de objetivos y compromiso interno.<\/p><p>Asistencia con marcos normativos como CSRD, TNFD y SBTN.<\/p>                                    <\/div>\n\n                                                                    <\/div>\n                            <\/div>\n                        <\/div>\n                                    <\/div>\n            <\/div>\n        <\/div>\n        \t\t\t\t<\/div>\n\t\t\t\t<\/div>\n\t\t<div data-particle_enable=\"false\" data-particle-mobile-disabled=\"false\" class=\"elementor-element elementor-element-76660cf e-con-full e-flex e-con e-child\" data-id=\"76660cf\" data-element_type=\"container\" data-e-type=\"container\">\n\t\t\t\t<div class=\"elementor-element elementor-element-e1af45c eael-flipbox-content-align-center eael-flipbox-img-default elementor-widget elementor-widget-eael-flip-box\" data-id=\"e1af45c\" data-element_type=\"widget\" data-e-type=\"widget\" data-widget_type=\"eael-flip-box.default\">\n\t\t\t\t\t        <div class=\"eael-elements-flip-box-container eael-animate-flip eael-animate-left eael-content eael-flip-box-hover eael-flipbox-fixed-height eael-flipbox-dynamic\">\n\n            <div class=\"eael-elements-flip-box-flip-card\">\n                <div class=\"eael-elements-flip-box-front-container\">\n                    \n                    \n                        <div class=\"eael-elements-slider-display-table\">\n                            <div class=\"eael-elements-flip-box-vertical-align\">\n                                <div class=\"eael-elements-flip-box-padding\">\n                                    <div class=\"eael-elements-flip-box-icon-image\">\n                                                                                    <img decoding=\"async\" class=\"eael-flipbox-image-as-icon\" src=\"https:\/\/orlaithdelargy.com\/wp-content\/uploads\/2026\/03\/icon-3-1.png\" alt=\"\">\n                                                                            <\/div>\n                                    <h2 class=\"eael-elements-flip-box-heading\">Soluciones de financiaci\u00f3n clim\u00e1tica y medioambiental<\/h2>                                    <div class=\"eael-elements-flip-box-content\">\n\t                                                                        <\/div>\n                                <\/div>\n                            <\/div>\n                        <\/div>\n                                    <\/div>\n\n                <div class=\"eael-elements-flip-box-rear-container\">\n                                                                <div class=\"eael-elements-slider-display-table\">\n                            <div class=\"eael-elements-flip-box-vertical-align\">\n                                <div class=\"eael-elements-flip-box-padding\">\n                                                                            <div class=\"eael-elements-flip-box-icon-image\">\n                                                                                            <img decoding=\"async\" class=\"eael-flipbox-image-as-icon\" src=\"\" alt=\"\">\n                                                                                    <\/div>\n                                                                                                            <div class=\"eael-elements-flip-box-content\">\n                                        <p>Enfoque sobre los cr\u00e9ditos de carbono y de naturaleza.<\/p><p>Gesti\u00f3n de carteras de proyectos.<\/p>                                    <\/div>\n\n                                                                    <\/div>\n                            <\/div>\n                        <\/div>\n                                    <\/div>\n            <\/div>\n        <\/div>\n        \t\t\t\t<\/div>\n\t\t\t\t<\/div>\n\t\t<div data-particle_enable=\"false\" data-particle-mobile-disabled=\"false\" class=\"elementor-element elementor-element-dfff728 e-con-full e-flex e-con e-child\" data-id=\"dfff728\" data-element_type=\"container\" data-e-type=\"container\">\n\t\t\t\t<div class=\"elementor-element elementor-element-039432b eael-flipbox-content-align-center eael-flipbox-img-default elementor-widget elementor-widget-eael-flip-box\" data-id=\"039432b\" data-element_type=\"widget\" data-e-type=\"widget\" data-widget_type=\"eael-flip-box.default\">\n\t\t\t\t\t        <div class=\"eael-elements-flip-box-container eael-animate-flip eael-animate-left eael-content eael-flip-box-hover eael-flipbox-fixed-height eael-flipbox-dynamic\">\n\n            <div class=\"eael-elements-flip-box-flip-card\">\n                <div class=\"eael-elements-flip-box-front-container\">\n                    \n                    \n                        <div class=\"eael-elements-slider-display-table\">\n                            <div class=\"eael-elements-flip-box-vertical-align\">\n                                <div class=\"eael-elements-flip-box-padding\">\n                                    <div class=\"eael-elements-flip-box-icon-image\">\n                                                                                    <img decoding=\"async\" class=\"eael-flipbox-image-as-icon\" src=\"https:\/\/orlaithdelargy.com\/wp-content\/uploads\/2026\/03\/icon-stars.png\" alt=\"\">\n                                                                            <\/div>\n                                    <h2 class=\"eael-elements-flip-box-heading\">Formaci\u00f3n para altos directivos y miembros del consejo de administraci\u00f3n<\/h2>                                    <div class=\"eael-elements-flip-box-content\">\n\t                                                                        <\/div>\n                                <\/div>\n                            <\/div>\n                        <\/div>\n                                    <\/div>\n\n                <div class=\"eael-elements-flip-box-rear-container\">\n                                                                <div class=\"eael-elements-slider-display-table\">\n                            <div class=\"eael-elements-flip-box-vertical-align\">\n                                <div class=\"eael-elements-flip-box-padding\">\n                                                                            <div class=\"eael-elements-flip-box-icon-image\">\n                                                                                            <img decoding=\"async\" class=\"eael-flipbox-image-as-icon\" src=\"\" alt=\"\">\n                                                                                    <\/div>\n                                                                                                            <div class=\"eael-elements-flip-box-content\">\n                                        <p>Sesiones formativas y talleres interesantes sobre temas relevantes para su organizaci\u00f3n, como por ejemplo: \u00abIntroducci\u00f3n a la naturaleza y la biodiversidad\u00bb.<\/p>                                    <\/div>\n\n                                                                    <\/div>\n                            <\/div>\n                        <\/div>\n                                    <\/div>\n            <\/div>\n        <\/div>\n        \t\t\t\t<\/div>\n\t\t\t\t<\/div>\n\t\t<div data-particle_enable=\"false\" data-particle-mobile-disabled=\"false\" class=\"elementor-element elementor-element-ed339a7 e-con-full e-flex e-con e-child\" data-id=\"ed339a7\" data-element_type=\"container\" data-e-type=\"container\">\n\t\t\t\t<div class=\"elementor-element elementor-element-375e178 eael-flipbox-content-align-center eael-flipbox-img-default elementor-widget elementor-widget-eael-flip-box\" data-id=\"375e178\" data-element_type=\"widget\" data-e-type=\"widget\" data-widget_type=\"eael-flip-box.default\">\n\t\t\t\t\t        <div class=\"eael-elements-flip-box-container eael-animate-flip eael-animate-left eael-content eael-flip-box-hover eael-flipbox-fixed-height eael-flipbox-dynamic\">\n\n            <div class=\"eael-elements-flip-box-flip-card\">\n                <div class=\"eael-elements-flip-box-front-container\">\n                    \n                    \n                        <div class=\"eael-elements-slider-display-table\">\n                            <div class=\"eael-elements-flip-box-vertical-align\">\n                                <div class=\"eael-elements-flip-box-padding\">\n                                    <div class=\"eael-elements-flip-box-icon-image\">\n                                                                                    <img decoding=\"async\" class=\"eael-flipbox-image-as-icon\" src=\"https:\/\/orlaithdelargy.com\/wp-content\/uploads\/2026\/03\/icon-1.png\" alt=\"\">\n                                                                            <\/div>\n                                    <h2 class=\"eael-elements-flip-box-heading\">Docencia en estudios de grado y posgrado<\/h2>                                    <div class=\"eael-elements-flip-box-content\">\n\t                                                                        <\/div>\n                                <\/div>\n                            <\/div>\n                        <\/div>\n                                    <\/div>\n\n                <div class=\"eael-elements-flip-box-rear-container\">\n                                                                <div class=\"eael-elements-slider-display-table\">\n                            <div class=\"eael-elements-flip-box-vertical-align\">\n                                <div class=\"eael-elements-flip-box-padding\">\n                                                                            <div class=\"eael-elements-flip-box-icon-image\">\n                                                                                            <img decoding=\"async\" class=\"eael-flipbox-image-as-icon\" src=\"\" alt=\"\">\n                                                                                    <\/div>\n                                                                                                            <div class=\"eael-elements-flip-box-content\">\n                                        <p>Impartir conferencias como ponente invitado en mis \u00e1reas de especializaci\u00f3n.<\/p>                                    <\/div>\n\n                                                                    <\/div>\n                            <\/div>\n                        <\/div>\n                                    <\/div>\n            <\/div>\n        <\/div>\n        \t\t\t\t<\/div>\n\t\t\t\t<\/div>\n\t\t<div data-particle_enable=\"false\" data-particle-mobile-disabled=\"false\" class=\"elementor-element elementor-element-03f3d10 e-con-full e-flex e-con e-child\" data-id=\"03f3d10\" data-element_type=\"container\" data-e-type=\"container\">\n\t\t\t\t<div class=\"elementor-element elementor-element-69baf8b eael-flipbox-content-align-center eael-flipbox-img-default elementor-widget elementor-widget-eael-flip-box\" data-id=\"69baf8b\" data-element_type=\"widget\" data-e-type=\"widget\" data-widget_type=\"eael-flip-box.default\">\n\t\t\t\t\t        <div class=\"eael-elements-flip-box-container eael-animate-flip eael-animate-left eael-content eael-flip-box-hover eael-flipbox-fixed-height eael-flipbox-dynamic\">\n\n            <div class=\"eael-elements-flip-box-flip-card\">\n                <div class=\"eael-elements-flip-box-front-container\">\n                    \n                    \n                        <div class=\"eael-elements-slider-display-table\">\n                            <div class=\"eael-elements-flip-box-vertical-align\">\n                                <div class=\"eael-elements-flip-box-padding\">\n                                    <div class=\"eael-elements-flip-box-icon-image\">\n                                                                                    <img decoding=\"async\" class=\"eael-flipbox-image-as-icon\" src=\"https:\/\/orlaithdelargy.com\/wp-content\/uploads\/2026\/03\/icon5_microphone.png\" alt=\"\">\n                                                                            <\/div>\n                                    <h2 class=\"eael-elements-flip-box-heading\">Moderaci\u00f3n y dinamizaci\u00f3n de talleres, eventos y mesas de debate<\/h2>                                    <div class=\"eael-elements-flip-box-content\">\n\t                                                                        <\/div>\n                                <\/div>\n                            <\/div>\n                        <\/div>\n                                    <\/div>\n\n                <div class=\"eael-elements-flip-box-rear-container\">\n                                                                <div class=\"eael-elements-slider-display-table\">\n                            <div class=\"eael-elements-flip-box-vertical-align\">\n                                <div class=\"eael-elements-flip-box-padding\">\n                                                                            <div class=\"eael-elements-flip-box-icon-image\">\n                                                                                            <img decoding=\"async\" class=\"eael-flipbox-image-as-icon\" src=\"\" alt=\"\">\n                                                                                    <\/div>\n                                                                                                            <div class=\"eael-elements-flip-box-content\">\n                                        <p>Dise\u00f1o y moderaci\u00f3n de talleres para las partes interesadas.<\/p><p>Organizar y moderar eventos y debates.<\/p>                                    <\/div>\n\n                                                                    <\/div>\n                            <\/div>\n                        <\/div>\n                                    <\/div>\n            <\/div>\n        <\/div>\n        \t\t\t\t<\/div>\n\t\t\t\t<\/div>\n\t\t\t\t\t<\/div>\n\t\t\t\t<\/div>\n\t\t<div data-particle_enable=\"false\" data-particle-mobile-disabled=\"false\" class=\"elementor-element elementor-element-81236c4 e-flex e-con-boxed e-con e-parent\" data-id=\"81236c4\" data-element_type=\"container\" data-e-type=\"container\">\n\t\t\t\t\t<div class=\"e-con-inner\">\n\t\t\t\t<div class=\"elementor-element elementor-element-24f5e36 elementor-align-left elementor-widget elementor-widget-geekfolio-button\" data-id=\"24f5e36\" data-element_type=\"widget\" data-e-type=\"widget\" data-widget_type=\"geekfolio-button.default\">\n\t\t\t\t<div class=\"elementor-widget-container\">\n\t\t\t\t\t\r\n\t\t<a  href=\"https:\/\/www.linkedin.com\/in\/delargy\/?originalSubdomain=es\"  class=\"geekfolio-button   icon-end\">\r\n\t\t\t<span class=\"geekfolio-button-content-wrapper\">\r\n\t\t\t\t\t\t\t\t<span class=\"geekfolio-button-text\">\r\n\t\t\t\t\tContactar\t\t\t\t<\/span>\r\n\t\t\t\t\t\t\t\t\t<span class=\"geekfolio-button-icon geekfolio-align-icon-right hover-animation-none\">\r\n\t\t\t\t\t\t<svg xmlns=\"http:\/\/www.w3.org\/2000\/svg\" width=\"18\" height=\"18\" viewBox=\"0 0 18 18\" fill=\"none\"><path d=\"M13.922 4.5V11.8125C13.922 11.9244 13.8776 12.0317 13.7985 12.1108C13.7193 12.1899 13.612 12.2344 13.5002 12.2344C13.3883 12.2344 13.281 12.1899 13.2018 12.1108C13.1227 12.0317 13.0783 11.9244 13.0783 11.8125V5.51953L4.79547 13.7953C4.71715 13.8736 4.61092 13.9176 4.50015 13.9176C4.38939 13.9176 4.28316 13.8736 4.20484 13.7953C4.12652 13.717 4.08252 13.6108 4.08252 13.5C4.08252 13.3892 4.12652 13.283 4.20484 13.2047L12.4806 4.92188H6.18765C6.07577 4.92188 5.96846 4.87743 5.88934 4.79831C5.81023 4.71919 5.76578 4.61189 5.76578 4.5C5.76578 4.38811 5.81023 4.28081 5.88934 4.20169C5.96846 4.12257 6.07577 4.07813 6.18765 4.07812H13.5002C13.612 4.07813 13.7193 4.12257 13.7985 4.20169C13.8776 4.28081 13.922 4.38811 13.922 4.5Z\" fill=\"currentColor\"><\/path><\/svg>\t\t\t\t\t<\/span>\r\n\t\t\t\t\t\t\t<\/span>\r\n\t\t<\/a>\r\n\r\n\t\t\t\t<\/div>\n\t\t\t\t<\/div>\n\t\t\t\t\t<\/div>\n\t\t\t\t<\/div>\n\t\t\t\t<\/div>\n\t\t","protected":false},"excerpt":{"rendered":"<p>Servicios destacados A continuaci\u00f3n se detallan mis servicios principales, pero siempre estoy abierta a nuevas oportunidades para aprender y trabajar con gente nueva. Estrategia de sostenibilidad, investigaci\u00f3n y asesoramiento Definici\u00f3n de objetivos y compromiso interno. Asistencia con marcos normativos como CSRD, TNFD y SBTN. Soluciones de financiaci\u00f3n clim\u00e1tica y medioambiental Enfoque sobre los cr\u00e9ditos de carbono y de naturaleza. Gesti\u00f3n &hellip;<\/p>\n","protected":false},"author":1,"featured_media":0,"parent":0,"menu_order":0,"comment_status":"closed","ping_status":"closed","template":"blank-builder.php","meta":{"_monsterinsights_skip_tracking":false,"_monsterinsights_sitenote_active":false,"_monsterinsights_sitenote_note":"","_monsterinsights_sitenote_category":0,"footnotes":""},"class_list":["post-3085","page","type-page","status-publish","hentry"],"aioseo_notices":[],"_links":{"self":[{"href":"https:\/\/orlaithdelargy.com\/es\/wp-json\/wp\/v2\/pages\/3085","targetHints":{"allow":["GET"]}}],"collection":[{"href":"https:\/\/orlaithdelargy.com\/es\/wp-json\/wp\/v2\/pages"}],"about":[{"href":"https:\/\/orlaithdelargy.com\/es\/wp-json\/wp\/v2\/types\/page"}],"author":[{"embeddable":true,"href":"https:\/\/orlaithdelargy.com\/es\/wp-json\/wp\/v2\/users\/1"}],"replies":[{"embeddable":true,"href":"https:\/\/orlaithdelargy.com\/es\/wp-json\/wp\/v2\/comments?post=3085"}],"version-history":[{"count":1,"href":"https:\/\/orlaithdelargy.com\/es\/wp-json\/wp\/v2\/pages\/3085\/revisions"}],"predecessor-version":[{"id":3088,"href":"https:\/\/orlaithdelargy.com\/es\/wp-json\/wp\/v2\/pages\/3085\/revisions\/3088"}],"wp:attachment":[{"href":"https:\/\/orlaithdelargy.com\/es\/wp-json\/wp\/v2\/media?parent=3085"}],"curies":[{"name":"wp","href":"https:\/\/api.w.org\/{rel}","templated":true}]}}