
{"id":3099,"date":"2026-01-21T15:51:24","date_gmt":"2026-01-21T14:51:24","guid":{"rendered":"https:\/\/orlaithdelargy.com\/testimonios\/"},"modified":"2026-04-13T12:08:24","modified_gmt":"2026-04-13T10:08:24","slug":"testimonios","status":"publish","type":"page","link":"https:\/\/orlaithdelargy.com\/es\/testimonios\/","title":{"rendered":"Testimonios"},"content":{"rendered":"\t\t<div data-elementor-type=\"wp-page\" data-elementor-id=\"3099\" class=\"elementor elementor-3099 elementor-2070\">\n\t\t\t\t<div data-particle_enable=\"false\" data-particle-mobile-disabled=\"false\" class=\"elementor-element elementor-element-91996a6 e-flex e-con-boxed e-con e-parent\" data-id=\"91996a6\" data-element_type=\"container\" data-e-type=\"container\">\n\t\t\t\t\t<div class=\"e-con-inner\">\n\t\t<div data-particle_enable=\"false\" data-particle-mobile-disabled=\"false\" class=\"elementor-element elementor-element-210710e e-con-full e-flex e-con e-child\" data-id=\"210710e\" data-element_type=\"container\" data-e-type=\"container\">\n\t\t\t\t<div class=\"elementor-element elementor-element-535b6e8 elementor-widget elementor-widget-geekfolio-image\" data-id=\"535b6e8\" data-element_type=\"widget\" data-e-type=\"widget\" data-widget_type=\"geekfolio-image.default\">\n\t\t\t\t<div class=\"elementor-widget-container\">\n\t\t\t\t\t\r\n\t\t<div class=\"geekfolio-image   \"  >\r\n\r\n\t\t\t\t\t\t\t\t\t<div class=\"elementor-image\">\r\n\t\t\t\t\t\t\t\t\t\t\t\t\t\t\t\t<img fetchpriority=\"high\" decoding=\"async\" width=\"778\" height=\"1024\" src=\"https:\/\/orlaithdelargy.com\/wp-content\/uploads\/2026\/02\/Swift-778x1024.png\" class=\"attachment-large size-large wp-image-2365\" alt=\"\" \/>\t\t\t\t\t\t\t\t\t\t\t\t\t\t\t\t\t\t\t\t\t\t\t<\/div>\r\n\t\t\t\t\t\t\r\n\t\t<\/div>\r\n\r\n\t\t\t\t\t\t<\/div>\n\t\t\t\t<\/div>\n\t\t\t\t<\/div>\n\t\t\t\t\t<\/div>\n\t\t\t\t<\/div>\n\t\t\t\t<section data-particle_enable=\"false\" data-particle-mobile-disabled=\"false\" class=\"elementor-section elementor-top-section elementor-element elementor-element-d5043a1 elementor-section-boxed elementor-section-height-default elementor-section-height-default geekfolio-header-absolute-off\" data-id=\"d5043a1\" data-element_type=\"section\" data-e-type=\"section\" data-settings=\"{&quot;background_background&quot;:&quot;classic&quot;,&quot;enable_header_absolute&quot;:&quot;off&quot;}\">\n\t\t\t\t\t\t<div class=\"elementor-container elementor-column-gap-default\">\n\t\t\t\t\t<div class=\"elementor-column elementor-col-100 elementor-top-column elementor-element elementor-element-a18900a\" data-id=\"a18900a\" data-element_type=\"column\" data-e-type=\"column\">\n\t\t\t<div class=\"elementor-widget-wrap elementor-element-populated\">\n\t\t\t\t\t\t<section data-particle_enable=\"false\" data-particle-mobile-disabled=\"false\" class=\"elementor-section elementor-inner-section elementor-element elementor-element-088bb8f elementor-section-content-middle elementor-section-boxed elementor-section-height-default elementor-section-height-default geekfolio-header-absolute-off\" data-id=\"088bb8f\" data-element_type=\"section\" data-e-type=\"section\" data-settings=\"{&quot;enable_header_absolute&quot;:&quot;off&quot;}\">\n\t\t\t\t\t\t<div class=\"elementor-container elementor-column-gap-default\">\n\t\t\t\t\t<div class=\"elementor-column elementor-col-100 elementor-inner-column elementor-element elementor-element-8a21ac4\" data-id=\"8a21ac4\" data-element_type=\"column\" data-e-type=\"column\">\n\t\t\t<div class=\"elementor-widget-wrap elementor-element-populated\">\n\t\t\t\t\t\t<div class=\"elementor-element elementor-element-c6c26a8 elementor-widget elementor-widget-geekfolio-heading\" data-id=\"c6c26a8\" data-element_type=\"widget\" data-e-type=\"widget\" data-widget_type=\"geekfolio-heading.default\">\n\t\t\t\t<div class=\"elementor-widget-container\">\n\t\t\t\t\t\t\t<div class=\"geekfolio-heading-title\" >\r\n\t\t\t\t\t\t<h1 class=\"geekfolio-heading hide-br\">Testimonials<\/h1>\t\t\t\t\t<\/div>\r\n\t\t\t\t\t\t<\/div>\n\t\t\t\t<\/div>\n\t\t\t\t\t<\/div>\n\t\t<\/div>\n\t\t\t\t\t<\/div>\n\t\t<\/section>\n\t\t\t\t\t<\/div>\n\t\t<\/div>\n\t\t\t\t\t<\/div>\n\t\t<\/section>\n\t\t<div data-particle_enable=\"false\" data-particle-mobile-disabled=\"false\" class=\"elementor-element elementor-element-a99b2a9 e-flex e-con-boxed e-con e-parent\" data-id=\"a99b2a9\" data-element_type=\"container\" data-e-type=\"container\">\n\t\t\t\t\t<div class=\"e-con-inner\">\n\t\t<div data-particle_enable=\"false\" data-particle-mobile-disabled=\"false\" class=\"elementor-element elementor-element-d8d3878 e-con-full e-flex elementor-invisible e-con e-child\" data-id=\"d8d3878\" data-element_type=\"container\" data-e-type=\"container\" data-settings=\"{&quot;animation&quot;:&quot;zoomIn&quot;}\">\n\t\t\t\t<div class=\"elementor-element elementor-element-5542f24 elementor-widget elementor-widget-image\" data-id=\"5542f24\" data-element_type=\"widget\" data-e-type=\"widget\" data-widget_type=\"image.default\">\n\t\t\t\t\t\t\t\t\t\t\t\t\t\t\t<img decoding=\"async\" width=\"700\" height=\"370\" src=\"https:\/\/orlaithdelargy.com\/wp-content\/uploads\/2026\/03\/jane-stout-1.jpg\" class=\"attachment-large size-large wp-image-3095\" alt=\"\" \/>\t\t\t\t\t\t\t\t\t\t\t\t\t\t\t<\/div>\n\t\t\t\t<\/div>\n\t\t<div data-particle_enable=\"false\" data-particle-mobile-disabled=\"false\" class=\"elementor-element elementor-element-5e5cabb e-con-full e-flex e-con e-child\" data-id=\"5e5cabb\" data-element_type=\"container\" data-e-type=\"container\">\n\t\t<div data-particle_enable=\"false\" data-particle-mobile-disabled=\"false\" class=\"elementor-element elementor-element-d35c9f6 e-con-full e-flex e-con e-child\" data-id=\"d35c9f6\" data-element_type=\"container\" data-e-type=\"container\">\n\t\t\t\t<div class=\"elementor-element elementor-element-4bdf410 elementor-widget elementor-widget-geekfolio-image\" data-id=\"4bdf410\" data-element_type=\"widget\" data-e-type=\"widget\" data-widget_type=\"geekfolio-image.default\">\n\t\t\t\t<div class=\"elementor-widget-container\">\n\t\t\t\t\t\r\n\t\t<div class=\"geekfolio-image geekfolio-invert-dark  \"  >\r\n\r\n\t\t\t\t\t\t\t\t\t<div class=\"elementor-image\">\r\n\t\t\t\t\t\t\t\t\t\t\t\t\t\t\t\t<img decoding=\"async\" width=\"259\" height=\"194\" src=\"https:\/\/orlaithdelargy.com\/wp-content\/uploads\/2026\/01\/refarm-logo.png\" class=\"attachment-large size-large wp-image-2239\" alt=\"\" \/>\t\t\t\t\t\t\t\t\t\t\t\t\t\t\t\t\t\t\t\t\t\t\t<\/div>\r\n\t\t\t\t\t\t\r\n\t\t<\/div>\r\n\r\n\t\t\t\t\t\t<\/div>\n\t\t\t\t<\/div>\n\t\t\t\t<\/div>\n\t\t<div data-particle_enable=\"false\" data-particle-mobile-disabled=\"false\" class=\"elementor-element elementor-element-d3d9203 e-con-full e-flex e-con e-child\" data-id=\"d3d9203\" data-element_type=\"container\" data-e-type=\"container\">\n\t\t\t\t<div class=\"elementor-element elementor-element-41846f4 elementor-widget elementor-widget-geekfolio-text-editor\" data-id=\"41846f4\" data-element_type=\"widget\" data-e-type=\"widget\" data-widget_type=\"geekfolio-text-editor.default\">\n\t\t\t\t<div class=\"elementor-widget-container\">\n\t\t\t\t\t\t\t<div class=\"geekfolio-text-editor\">\r\n\t\t\t\t\t\t\t\t\t\t<div class=\"elementor-text-editor elementor-clearfix\">\r\n\t\t\t\t\t\t<p>Durante los \u00faltimos siete a\u00f1os, he colaborado con Orlaith en el proyecto ReFarm, el proyecto INCASE, en Natural Capital Ireland y en otras iniciativas diversas. Posee amplios conocimientos en el \u00e1mbito del capital natural, es siempre muy profesional y es un placer trabajar con ella. <\/p>\n\t\t\t\t\t\t\t<\/div>\r\n\t\t\t\t\t<\/div>\r\n\t\t\t\t\t\t<\/div>\n\t\t\t\t<\/div>\n\t\t\t\t<div class=\"elementor-element elementor-element-a94d645 geekfolio-icon-box-vertical-align-middle elementor-view-stacked elementor-widget elementor-widget-geekfolio-icon-box\" data-id=\"a94d645\" data-element_type=\"widget\" data-e-type=\"widget\" data-widget_type=\"geekfolio-icon-box.default\">\n\t\t\t\t<div class=\"elementor-widget-container\">\n\t\t\t\t\t\t\t<div class=\"geekfolio-icon-box position-top elementor-icon-box-wrapper\">\r\n\t\t\t\t\t\t<div class=\"elementor-icon-box-content\">\r\n\t\t\t\t<h2 class=\"elementor-icon-box-title\">\r\n\t\t\t\t\t<span  >\r\n\t\t\t\t\t\tLa profesora Jane Stout, vicerrectora de Biodiversidad y Acci\u00f3n Clim\u00e1tica del Trinity College de Dubl\u00edn\t\t\t\t\t<\/span>\r\n\t\t\t\t<\/h2>\r\n\t\t\t\t\t\t\t<\/div>\r\n\t\t\t\t\t<\/div>\r\n\t\t\t\t\t\t<\/div>\n\t\t\t\t<\/div>\n\t\t\t\t<\/div>\n\t\t\t\t<\/div>\n\t\t\t\t\t<\/div>\n\t\t\t\t<\/div>\n\t\t<div data-particle_enable=\"false\" data-particle-mobile-disabled=\"false\" class=\"elementor-element elementor-element-45fa801 e-flex e-con-boxed e-con e-parent\" data-id=\"45fa801\" data-element_type=\"container\" data-e-type=\"container\">\n\t\t\t\t\t<div class=\"e-con-inner\">\n\t\t<div data-particle_enable=\"false\" data-particle-mobile-disabled=\"false\" class=\"elementor-element elementor-element-4795ce8 e-con-full e-flex elementor-invisible e-con e-child\" data-id=\"4795ce8\" data-element_type=\"container\" data-e-type=\"container\" data-settings=\"{&quot;animation&quot;:&quot;zoomIn&quot;}\">\n\t\t\t\t<div class=\"elementor-element elementor-element-f5eecf4 elementor-widget elementor-widget-image\" data-id=\"f5eecf4\" data-element_type=\"widget\" data-e-type=\"widget\" data-widget_type=\"image.default\">\n\t\t\t\t\t\t\t\t\t\t\t\t\t\t\t<img loading=\"lazy\" decoding=\"async\" width=\"1024\" height=\"683\" src=\"https:\/\/orlaithdelargy.com\/wp-content\/uploads\/2026\/03\/Philip-Murphy-1024x683.jpg\" class=\"attachment-large size-large wp-image-3096\" alt=\"\" \/>\t\t\t\t\t\t\t\t\t\t\t\t\t\t\t<\/div>\n\t\t\t\t<\/div>\n\t\t<div data-particle_enable=\"false\" data-particle-mobile-disabled=\"false\" class=\"elementor-element elementor-element-e19c65c e-con-full e-flex e-con e-child\" data-id=\"e19c65c\" data-element_type=\"container\" data-e-type=\"container\">\n\t\t<div data-particle_enable=\"false\" data-particle-mobile-disabled=\"false\" class=\"elementor-element elementor-element-8e80a21 e-con-full e-flex e-con e-child\" data-id=\"8e80a21\" data-element_type=\"container\" data-e-type=\"container\">\n\t\t\t\t<div class=\"elementor-element elementor-element-f7ec90d elementor-widget elementor-widget-geekfolio-image\" data-id=\"f7ec90d\" data-element_type=\"widget\" data-e-type=\"widget\" data-widget_type=\"geekfolio-image.default\">\n\t\t\t\t<div class=\"elementor-widget-container\">\n\t\t\t\t\t\r\n\t\t<div class=\"geekfolio-image geekfolio-invert-dark  \"  >\r\n\r\n\t\t\t\t\t\t\t\t\t<div class=\"elementor-image\">\r\n\t\t\t\t\t\t\t\t\t\t\t\t\t\t\t\t<img loading=\"lazy\" decoding=\"async\" width=\"357\" height=\"187\" src=\"https:\/\/orlaithdelargy.com\/wp-content\/uploads\/2026\/01\/ligo-lifes-good.png\" class=\"attachment-large size-large wp-image-2042\" alt=\"\" \/>\t\t\t\t\t\t\t\t\t\t\t\t\t\t\t\t\t\t\t\t\t\t\t<\/div>\r\n\t\t\t\t\t\t\r\n\t\t<\/div>\r\n\r\n\t\t\t\t\t\t<\/div>\n\t\t\t\t<\/div>\n\t\t\t\t<\/div>\n\t\t<div data-particle_enable=\"false\" data-particle-mobile-disabled=\"false\" class=\"elementor-element elementor-element-792a2e5 e-con-full e-flex e-con e-child\" data-id=\"792a2e5\" data-element_type=\"container\" data-e-type=\"container\">\n\t\t\t\t<div class=\"elementor-element elementor-element-13bc033 elementor-widget elementor-widget-geekfolio-text-editor\" data-id=\"13bc033\" data-element_type=\"widget\" data-e-type=\"widget\" data-widget_type=\"geekfolio-text-editor.default\">\n\t\t\t\t<div class=\"elementor-widget-container\">\n\t\t\t\t\t\t\t<div class=\"geekfolio-text-editor\">\r\n\t\t\t\t\t\t\t\t\t\t<div class=\"elementor-text-editor elementor-clearfix\">\r\n\t\t\t\t\t\t<p>Lifes2good es una fundaci\u00f3n familiar que realiza donaciones a organizaciones capaces de generar un impacto positivo en la vida de las personas. Contratamos a Orlaith para que revisara nuestra estrategia sobre el uso sostenible del suelo. Sus conocimientos especializados en este complejo \u00e1mbito nos ayudaron a comprender nuestras opciones, incluidos los distintos modelos de colaboraci\u00f3n y financiaci\u00f3n a nuestro alcance, y a trazar un rumbo que nos permita lograr un mayor impacto en favor de las personas y la naturaleza en Irlanda.  <\/p>\n\t\t\t\t\t\t\t<\/div>\r\n\t\t\t\t\t<\/div>\r\n\t\t\t\t\t\t<\/div>\n\t\t\t\t<\/div>\n\t\t\t\t<div class=\"elementor-element elementor-element-1a5fc8f geekfolio-icon-box-vertical-align-middle elementor-view-stacked elementor-widget elementor-widget-geekfolio-icon-box\" data-id=\"1a5fc8f\" data-element_type=\"widget\" data-e-type=\"widget\" data-widget_type=\"geekfolio-icon-box.default\">\n\t\t\t\t<div class=\"elementor-widget-container\">\n\t\t\t\t\t\t\t<div class=\"geekfolio-icon-box position-top elementor-icon-box-wrapper\">\r\n\t\t\t\t\t\t<div class=\"elementor-icon-box-content\">\r\n\t\t\t\t<h2 class=\"elementor-icon-box-title\">\r\n\t\t\t\t\t<span  >\r\n\t\t\t\t\t\tPhilip Murphy, CEO de la Fundaci\u00f3n Lifes2good\t\t\t\t\t<\/span>\r\n\t\t\t\t<\/h2>\r\n\t\t\t\t\t\t\t<\/div>\r\n\t\t\t\t\t<\/div>\r\n\t\t\t\t\t\t<\/div>\n\t\t\t\t<\/div>\n\t\t\t\t<\/div>\n\t\t\t\t<\/div>\n\t\t\t\t\t<\/div>\n\t\t\t\t<\/div>\n\t\t<div data-particle_enable=\"false\" data-particle-mobile-disabled=\"false\" class=\"elementor-element elementor-element-e947f3a e-flex e-con-boxed e-con e-parent\" data-id=\"e947f3a\" data-element_type=\"container\" data-e-type=\"container\">\n\t\t\t\t\t<div class=\"e-con-inner\">\n\t\t<div data-particle_enable=\"false\" data-particle-mobile-disabled=\"false\" class=\"elementor-element elementor-element-7c8a5f3 e-con-full e-flex elementor-invisible e-con e-child\" data-id=\"7c8a5f3\" data-element_type=\"container\" data-e-type=\"container\" data-settings=\"{&quot;animation&quot;:&quot;zoomIn&quot;}\">\n\t\t\t\t<div class=\"elementor-element elementor-element-b8ea93c elementor-widget elementor-widget-image\" data-id=\"b8ea93c\" data-element_type=\"widget\" data-e-type=\"widget\" data-widget_type=\"image.default\">\n\t\t\t\t\t\t\t\t\t\t\t\t\t\t\t<img loading=\"lazy\" decoding=\"async\" width=\"1024\" height=\"683\" src=\"https:\/\/orlaithdelargy.com\/wp-content\/uploads\/2026\/03\/tom-popple-1024x683.png\" class=\"attachment-large size-large wp-image-3097\" alt=\"\" \/>\t\t\t\t\t\t\t\t\t\t\t\t\t\t\t<\/div>\n\t\t\t\t<\/div>\n\t\t<div data-particle_enable=\"false\" data-particle-mobile-disabled=\"false\" class=\"elementor-element elementor-element-a447aa4 e-con-full e-flex e-con e-child\" data-id=\"a447aa4\" data-element_type=\"container\" data-e-type=\"container\">\n\t\t<div data-particle_enable=\"false\" data-particle-mobile-disabled=\"false\" class=\"elementor-element elementor-element-98787a9 e-con-full e-flex e-con e-child\" data-id=\"98787a9\" data-element_type=\"container\" data-e-type=\"container\">\n\t\t\t\t<div class=\"elementor-element elementor-element-e646601 elementor-widget elementor-widget-geekfolio-image\" data-id=\"e646601\" data-element_type=\"widget\" data-e-type=\"widget\" data-widget_type=\"geekfolio-image.default\">\n\t\t\t\t<div class=\"elementor-widget-container\">\n\t\t\t\t\t\r\n\t\t<div class=\"geekfolio-image geekfolio-invert-dark  \"  >\r\n\r\n\t\t\t\t\t\t\t\t\t<div class=\"elementor-image\">\r\n\t\t\t\t\t\t\t\t\t\t\t\t\t\t\t\t<img loading=\"lazy\" decoding=\"async\" width=\"1024\" height=\"1024\" src=\"https:\/\/orlaithdelargy.com\/wp-content\/uploads\/2026\/03\/BE-IMPACTFUL_LOGO_PNG-1024x1024.png\" class=\"attachment-large size-large wp-image-2840\" alt=\"\" \/>\t\t\t\t\t\t\t\t\t\t\t\t\t\t\t\t\t\t\t\t\t\t\t<\/div>\r\n\t\t\t\t\t\t\r\n\t\t<\/div>\r\n\r\n\t\t\t\t\t\t<\/div>\n\t\t\t\t<\/div>\n\t\t\t\t<\/div>\n\t\t<div data-particle_enable=\"false\" data-particle-mobile-disabled=\"false\" class=\"elementor-element elementor-element-c3c39ae e-con-full e-flex e-con e-child\" data-id=\"c3c39ae\" data-element_type=\"container\" data-e-type=\"container\">\n\t\t\t\t<div class=\"elementor-element elementor-element-5e380f0 elementor-widget elementor-widget-geekfolio-text-editor\" data-id=\"5e380f0\" data-element_type=\"widget\" data-e-type=\"widget\" data-widget_type=\"geekfolio-text-editor.default\">\n\t\t\t\t<div class=\"elementor-widget-container\">\n\t\t\t\t\t\t\t<div class=\"geekfolio-text-editor\">\r\n\t\t\t\t\t\t\t\t\t\t<div class=\"elementor-text-editor elementor-clearfix\">\r\n\t\t\t\t\t\t<p>Every so often you come across someone who just gets it and gets on. Orlaith is one of those rare finds you don&#8217;t take for granted. Over the past two years she&#8217;s brought a genuine clarity and human touch to some complex challenges, cutting through the noise with the right questions and holding clients and team members (and myself) to a high standard without ever losing sight of the people involved. Sharp, people-centred, delivery-orientated and committed to meaningful impact, Orlaith is a gem and I&#8217;d recommend her to anyone.   <\/p>\n\t\t\t\t\t\t\t<\/div>\r\n\t\t\t\t\t<\/div>\r\n\t\t\t\t\t\t<\/div>\n\t\t\t\t<\/div>\n\t\t\t\t<div class=\"elementor-element elementor-element-3979da4 geekfolio-icon-box-vertical-align-middle elementor-view-stacked elementor-widget elementor-widget-geekfolio-icon-box\" data-id=\"3979da4\" data-element_type=\"widget\" data-e-type=\"widget\" data-widget_type=\"geekfolio-icon-box.default\">\n\t\t\t\t<div class=\"elementor-widget-container\">\n\t\t\t\t\t\t\t<div class=\"geekfolio-icon-box position-top elementor-icon-box-wrapper\">\r\n\t\t\t\t\t\t<div class=\"elementor-icon-box-content\">\r\n\t\t\t\t<h2 class=\"elementor-icon-box-title\">\r\n\t\t\t\t\t<span  >\r\n\t\t\t\t\t\tTom Popple, fundador de BE IMPACTFUL\t\t\t\t\t<\/span>\r\n\t\t\t\t<\/h2>\r\n\t\t\t\t\t\t\t<\/div>\r\n\t\t\t\t\t<\/div>\r\n\t\t\t\t\t\t<\/div>\n\t\t\t\t<\/div>\n\t\t\t\t<\/div>\n\t\t\t\t<\/div>\n\t\t\t\t\t<\/div>\n\t\t\t\t<\/div>\n\t\t<div data-particle_enable=\"false\" data-particle-mobile-disabled=\"false\" class=\"elementor-element elementor-element-83efc70 e-flex e-con-boxed e-con e-parent\" data-id=\"83efc70\" data-element_type=\"container\" data-e-type=\"container\">\n\t\t\t\t\t<div class=\"e-con-inner\">\n\t\t<div data-particle_enable=\"false\" data-particle-mobile-disabled=\"false\" class=\"elementor-element elementor-element-c2997d1 e-con-full e-flex elementor-invisible e-con e-child\" data-id=\"c2997d1\" data-element_type=\"container\" data-e-type=\"container\" data-settings=\"{&quot;animation&quot;:&quot;zoomIn&quot;}\">\n\t\t\t\t<div class=\"elementor-element elementor-element-db2933b elementor-widget elementor-widget-image\" data-id=\"db2933b\" data-element_type=\"widget\" data-e-type=\"widget\" data-widget_type=\"image.default\">\n\t\t\t\t\t\t\t\t\t\t\t\t\t\t\t<img loading=\"lazy\" decoding=\"async\" width=\"1024\" height=\"683\" src=\"https:\/\/orlaithdelargy.com\/wp-content\/uploads\/2026\/03\/Sarah-Nelson-testimonial-1024x683.png\" class=\"attachment-large size-large wp-image-3098\" alt=\"\" \/>\t\t\t\t\t\t\t\t\t\t\t\t\t\t\t<\/div>\n\t\t\t\t<\/div>\n\t\t<div data-particle_enable=\"false\" data-particle-mobile-disabled=\"false\" class=\"elementor-element elementor-element-ec09c6c e-con-full e-flex e-con e-child\" data-id=\"ec09c6c\" data-element_type=\"container\" data-e-type=\"container\">\n\t\t<div data-particle_enable=\"false\" data-particle-mobile-disabled=\"false\" class=\"elementor-element elementor-element-5040438 e-con-full e-flex e-con e-child\" data-id=\"5040438\" data-element_type=\"container\" data-e-type=\"container\">\n\t\t\t\t<div class=\"elementor-element elementor-element-af3144a elementor-widget elementor-widget-geekfolio-image\" data-id=\"af3144a\" data-element_type=\"widget\" data-e-type=\"widget\" data-widget_type=\"geekfolio-image.default\">\n\t\t\t\t<div class=\"elementor-widget-container\">\n\t\t\t\t\t\r\n\t\t<div class=\"geekfolio-image geekfolio-invert-dark  \"  >\r\n\r\n\t\t\t\t\t\t\t\t\t<div class=\"elementor-image\">\r\n\t\t\t\t\t\t\t\t\t\t\t\t\t\t\t\t<img loading=\"lazy\" decoding=\"async\" width=\"1024\" height=\"756\" src=\"https:\/\/orlaithdelargy.com\/wp-content\/uploads\/2026\/01\/kpmg-logo-1024x756.png\" class=\"attachment-large size-large wp-image-1910\" alt=\"\" \/>\t\t\t\t\t\t\t\t\t\t\t\t\t\t\t\t\t\t\t\t\t\t\t<\/div>\r\n\t\t\t\t\t\t\r\n\t\t<\/div>\r\n\r\n\t\t\t\t\t\t<\/div>\n\t\t\t\t<\/div>\n\t\t\t\t<\/div>\n\t\t<div data-particle_enable=\"false\" data-particle-mobile-disabled=\"false\" class=\"elementor-element elementor-element-a7dd923 e-con-full e-flex e-con e-child\" data-id=\"a7dd923\" data-element_type=\"container\" data-e-type=\"container\">\n\t\t\t\t<div class=\"elementor-element elementor-element-d6eff12 elementor-widget elementor-widget-geekfolio-text-editor\" data-id=\"d6eff12\" data-element_type=\"widget\" data-e-type=\"widget\" data-widget_type=\"geekfolio-text-editor.default\">\n\t\t\t\t<div class=\"elementor-widget-container\">\n\t\t\t\t\t\t\t<div class=\"geekfolio-text-editor\">\r\n\t\t\t\t\t\t\t\t\t\t<div class=\"elementor-text-editor elementor-clearfix\">\r\n\t\t\t\t\t\t<p>Es un aut\u00e9ntico placer trabajar con Orlaith. Es muy trabajadora, tiene amplios conocimientos, est\u00e1 muy comprometida y tiene un gran ojo para los detalles. Aporta un valor a\u00f1adido a todos los proyectos en los que participa, \u00a1y no dudar\u00eda en recomendar trabajar con ella!  <\/p>\n\t\t\t\t\t\t\t<\/div>\r\n\t\t\t\t\t<\/div>\r\n\t\t\t\t\t\t<\/div>\n\t\t\t\t<\/div>\n\t\t\t\t<div class=\"elementor-element elementor-element-938294e geekfolio-icon-box-vertical-align-middle elementor-view-stacked elementor-widget elementor-widget-geekfolio-icon-box\" data-id=\"938294e\" data-element_type=\"widget\" data-e-type=\"widget\" data-widget_type=\"geekfolio-icon-box.default\">\n\t\t\t\t<div class=\"elementor-widget-container\">\n\t\t\t\t\t\t\t<div class=\"geekfolio-icon-box position-top elementor-icon-box-wrapper\">\r\n\t\t\t\t\t\t<div class=\"elementor-icon-box-content\">\r\n\t\t\t\t<h2 class=\"elementor-icon-box-title\">\r\n\t\t\t\t\t<span  >\r\n\t\t\t\t\t\tSarah Nelson, directora global de Naturaleza y Biodiversidad, KPMG \t\t\t\t\t<\/span>\r\n\t\t\t\t<\/h2>\r\n\t\t\t\t\t\t\t<\/div>\r\n\t\t\t\t\t<\/div>\r\n\t\t\t\t\t\t<\/div>\n\t\t\t\t<\/div>\n\t\t\t\t<\/div>\n\t\t\t\t<\/div>\n\t\t\t\t\t<\/div>\n\t\t\t\t<\/div>\n\t\t\t\t<\/div>\n\t\t","protected":false},"excerpt":{"rendered":"<p>Testimonials Durante los \u00faltimos siete a\u00f1os, he colaborado con Orlaith en el proyecto ReFarm, el proyecto INCASE, en Natural Capital Ireland y en otras iniciativas diversas. Posee amplios conocimientos en el \u00e1mbito del capital natural, es siempre muy profesional y es un placer trabajar con ella. La profesora Jane Stout, vicerrectora de Biodiversidad y Acci\u00f3n Clim\u00e1tica del Trinity College de &hellip;<\/p>\n","protected":false},"author":1,"featured_media":0,"parent":0,"menu_order":0,"comment_status":"closed","ping_status":"closed","template":"blank-builder.php","meta":{"_monsterinsights_skip_tracking":false,"_monsterinsights_sitenote_active":false,"_monsterinsights_sitenote_note":"","_monsterinsights_sitenote_category":0,"footnotes":""},"class_list":["post-3099","page","type-page","status-publish","hentry"],"aioseo_notices":[],"_links":{"self":[{"href":"https:\/\/orlaithdelargy.com\/es\/wp-json\/wp\/v2\/pages\/3099","targetHints":{"allow":["GET"]}}],"collection":[{"href":"https:\/\/orlaithdelargy.com\/es\/wp-json\/wp\/v2\/pages"}],"about":[{"href":"https:\/\/orlaithdelargy.com\/es\/wp-json\/wp\/v2\/types\/page"}],"author":[{"embeddable":true,"href":"https:\/\/orlaithdelargy.com\/es\/wp-json\/wp\/v2\/users\/1"}],"replies":[{"embeddable":true,"href":"https:\/\/orlaithdelargy.com\/es\/wp-json\/wp\/v2\/comments?post=3099"}],"version-history":[{"count":1,"href":"https:\/\/orlaithdelargy.com\/es\/wp-json\/wp\/v2\/pages\/3099\/revisions"}],"predecessor-version":[{"id":3107,"href":"https:\/\/orlaithdelargy.com\/es\/wp-json\/wp\/v2\/pages\/3099\/revisions\/3107"}],"wp:attachment":[{"href":"https:\/\/orlaithdelargy.com\/es\/wp-json\/wp\/v2\/media?parent=3099"}],"curies":[{"name":"wp","href":"https:\/\/api.w.org\/{rel}","templated":true}]}}